{"id":2008,"date":"2024-09-08T16:35:32","date_gmt":"2024-09-08T16:35:32","guid":{"rendered":"https:\/\/organic-lamb.eu\/eu-organic-beef-lamb\/"},"modified":"2025-06-03T06:48:12","modified_gmt":"2025-06-03T06:48:12","slug":"eu-organic-beef-lamb","status":"publish","type":"page","link":"https:\/\/organic-lamb.eu\/sv\/","title":{"rendered":"EU Organic Beef &amp; Lamb"},"content":{"rendered":"\t\t<div data-elementor-type=\"wp-page\" data-elementor-id=\"2008\" class=\"elementor elementor-2008 elementor-50\" data-elementor-post-type=\"page\">\n\t\t\t\t<div class=\"elementor-element elementor-element-34bfc24 e-flex e-con-boxed e-con e-parent\" data-id=\"34bfc24\" data-element_type=\"container\" data-settings=\"{&quot;background_background&quot;:&quot;classic&quot;}\">\n\t\t\t\t\t<div class=\"e-con-inner\">\n\t\t\t\t<div class=\"elementor-element elementor-element-b890fb4 visually-hidden elementor-widget elementor-widget-heading\" data-id=\"b890fb4\" data-element_type=\"widget\" data-widget_type=\"heading.default\">\n\t\t\t\t<div class=\"elementor-widget-container\">\n\t\t\t\t\t<h1 class=\"elementor-heading-title elementor-size-default\">Europeiskt ekologiskt lammk\u00f6tt <br>\nBetesuppf\u00f6tt p\u00e5 Irland<\/h1>\t\t\t\t<\/div>\n\t\t\t\t<\/div>\n\t\t\t\t<div class=\"elementor-element elementor-element-03887fc elementor-widget elementor-widget-image\" data-id=\"03887fc\" data-element_type=\"widget\" data-widget_type=\"image.default\">\n\t\t\t\t<div class=\"elementor-widget-container\">\n\t\t\t\t\t\t\t\t\t\t\t\t\t\t\t<img decoding=\"async\" width=\"146\" height=\"197\" src=\"https:\/\/organic-lamb.eu\/wp-content\/uploads\/2024\/09\/logo-Enjoy.svg\" class=\"attachment-full size-full wp-image-125\" alt=\"Enjoy It&#039;s from Europe\" \/>\t\t\t\t\t\t\t\t\t\t\t\t\t\t\t<\/div>\n\t\t\t\t<\/div>\n\t\t\t\t\t<\/div>\n\t\t\t\t<\/div>\n\t\t<div class=\"elementor-element elementor-element-f991511 e-flex e-con-boxed e-con e-parent\" data-id=\"f991511\" data-element_type=\"container\">\n\t\t\t\t\t<div class=\"e-con-inner\">\n\t\t<div class=\"elementor-element elementor-element-3ab4882 e-con-full e-flex e-con e-child\" data-id=\"3ab4882\" data-element_type=\"container\">\n\t\t\t\t<div class=\"elementor-element elementor-element-abc49f0 elementor-widget elementor-widget-text-editor\" data-id=\"abc49f0\" data-element_type=\"widget\" data-widget_type=\"text-editor.default\">\n\t\t\t\t<div class=\"elementor-widget-container\">\n\t\t\t\t\t\t\t\t\t<p>Uppt\u00e4ck Europas rika tradition av h\u00e5llbart jordbruk och <strong>ekologiskt lantbruk<\/strong>, d\u00e4r frodiga landskap och en stark tradition av <strong>ekologiska metoder<\/strong> f\u00f6renas f\u00f6r att erbjuda dig lamm av h\u00f6gsta kvalitet, <strong>h\u00e5llbart producerat.<\/strong> V\u00e5ra frodiga gr\u00f6na \u00e4ngar och b\u00f6ljande kullar skapar en idealisk milj\u00f6 f\u00f6r ekologiskt jordbruk och s\u00e4kerst\u00e4ller att varje tugga \u00e4r b\u00e5de god och n\u00e4ringsrik.<\/p>\t\t\t\t\t\t\t\t<\/div>\n\t\t\t\t<\/div>\n\t\t\t\t<div class=\"elementor-element elementor-element-94d7d0c elementor-widget elementor-widget-heading\" data-id=\"94d7d0c\" data-element_type=\"widget\" data-widget_type=\"heading.default\">\n\t\t\t\t<div class=\"elementor-widget-container\">\n\t\t\t\t\t<h2 class=\"elementor-heading-title elementor-size-default\">Ekologiskt jordbruk: en v\u00e4xande m\u00f6jlighet i Irland och \u00f6ver hela EU<\/h2>\t\t\t\t<\/div>\n\t\t\t\t<\/div>\n\t\t\t\t<div class=\"elementor-element elementor-element-182f5e2 elementor-widget elementor-widget-text-editor\" data-id=\"182f5e2\" data-element_type=\"widget\" data-widget_type=\"text-editor.default\">\n\t\t\t\t<div class=\"elementor-widget-container\">\n\t\t\t\t\t\t\t\t\t<p><strong>Ekologiskt jordbruk<\/strong> \u00e4r inte bara en metod; det \u00e4r ett \u00e5tagande f\u00f6r en friskare planet och b\u00e4ttre mat. Genom att samarbeta med naturen och st\u00f6dja biologisk m\u00e5ngfald, f\u00f6rb\u00e4ttrar <strong>ekologiska metoder<\/strong> jordh\u00e4lsan och bek\u00e4mpar klimatf\u00f6r\u00e4ndringar.<\/p><p>V\u00e5ra jordbruksmetoder s\u00e4kerst\u00e4ller att djuren uppf\u00f6ds med gott om utrymme, frisk luft och naturliga dieter, fria fr\u00e5n hormoner och rutinm\u00e4ssiga antibiotika.<br \/>Detta bidrar inte bara till <strong>djurens v\u00e4lbefinnande<\/strong>, utan \u00e4ven till produktionen av <strong>h\u00e4lsosammare matalternativ<\/strong> f\u00f6r dig och din familj.<\/p>\t\t\t\t\t\t\t\t<\/div>\n\t\t\t\t<\/div>\n\t\t\t\t<div class=\"elementor-element elementor-element-2665651 elementor-align-left elementor-mobile-align-center elementor-widget elementor-widget-button\" data-id=\"2665651\" data-element_type=\"widget\" data-widget_type=\"button.default\">\n\t\t\t\t<div class=\"elementor-widget-container\">\n\t\t\t\t\t\t\t\t\t<div class=\"elementor-button-wrapper\">\n\t\t\t\t\t<a class=\"elementor-button elementor-button-link elementor-size-sm\" href=\"http:\/\/sv\/varfor-ekologiskt\/djurens-valfard\/\" aria-label=\"Organic Standards\">\n\t\t\t\t\t\t<span class=\"elementor-button-content-wrapper\">\n\t\t\t\t\t\t\t\t\t<span class=\"elementor-button-text\">Ekologiska standarder<\/span>\n\t\t\t\t\t<\/span>\n\t\t\t\t\t<\/a>\n\t\t\t\t<\/div>\n\t\t\t\t\t\t\t\t<\/div>\n\t\t\t\t<\/div>\n\t\t\t\t<div class=\"elementor-element elementor-element-1599df7 elementor-hidden-mobile elementor-widget elementor-widget-heading\" data-id=\"1599df7\" data-element_type=\"widget\" data-widget_type=\"heading.default\">\n\t\t\t\t<div class=\"elementor-widget-container\">\n\t\t\t\t\t<h2 class=\"elementor-heading-title elementor-size-default\">Ekologiskt Lamm<\/h2>\t\t\t\t<\/div>\n\t\t\t\t<\/div>\n\t\t\t\t<div class=\"elementor-element elementor-element-8cb1bab elementor-hidden-mobile elementor-widget elementor-widget-text-editor\" data-id=\"8cb1bab\" data-element_type=\"widget\" data-widget_type=\"text-editor.default\">\n\t\t\t\t<div class=\"elementor-widget-container\">\n\t\t\t\t\t\t\t\t\t<p>Det europeiska ekologiska lammproduktionssystemet som kr\u00e4ver till\u00e4mpning av genomt\u00e4nkta jordbruksmetoder som f\u00f6rhindrar skador p\u00e5 milj\u00f6n och prioriterar djurv\u00e4lf\u00e4rd.<\/p><p>Att bygga och uppr\u00e4tth\u00e5lla jordh\u00e4lsa samt f\u00f6rebyggande av sjukdomar i flocken \u00e4r ocks\u00e5 viktiga aspekter av ekologisk lammproduktion.<\/p>\t\t\t\t\t\t\t\t<\/div>\n\t\t\t\t<\/div>\n\t\t\t\t<div class=\"elementor-element elementor-element-a7f3811 elementor-align-left elementor-mobile-align-center elementor-widget elementor-widget-button\" data-id=\"a7f3811\" data-element_type=\"widget\" data-widget_type=\"button.default\">\n\t\t\t\t<div class=\"elementor-widget-container\">\n\t\t\t\t\t\t\t\t\t<div class=\"elementor-button-wrapper\">\n\t\t\t\t\t<a class=\"elementor-button elementor-button-link elementor-size-sm\" href=\"\/sv\/ekologiskt-lamm\/\" aria-label=\"Organic Lamb\">\n\t\t\t\t\t\t<span class=\"elementor-button-content-wrapper\">\n\t\t\t\t\t\t\t\t\t<span class=\"elementor-button-text\">Ekologiskt Lamm<\/span>\n\t\t\t\t\t<\/span>\n\t\t\t\t\t<\/a>\n\t\t\t\t<\/div>\n\t\t\t\t\t\t\t\t<\/div>\n\t\t\t\t<\/div>\n\t\t\t\t<div class=\"elementor-element elementor-element-b6416c3 elementor-hidden-mobile elementor-widget elementor-widget-heading\" data-id=\"b6416c3\" data-element_type=\"widget\" data-widget_type=\"heading.default\">\n\t\t\t\t<div class=\"elementor-widget-container\">\n\t\t\t\t\t<h2 class=\"elementor-heading-title elementor-size-default\">EU:s certifieringsprocess f\u00f6r ekologiska produkter: Det du beh\u00f6ver veta<\/h2>\t\t\t\t<\/div>\n\t\t\t\t<\/div>\n\t\t\t\t<div class=\"elementor-element elementor-element-77e36c8 elementor-hidden-mobile elementor-widget elementor-widget-text-editor\" data-id=\"77e36c8\" data-element_type=\"widget\" data-widget_type=\"text-editor.default\">\n\t\t\t\t<div class=\"elementor-widget-container\">\n\t\t\t\t\t\t\t\t\t<p>N\u00e4r du ser<strong> EU ekologiska logotyp<\/strong> kan du vara s\u00e4ker p\u00e5 att produkten uppfyller <strong>strikta ekologiska standarder.<\/strong> Den <strong>ekologiska certifieringsprocessen<\/strong> innefattar detaljerade inspektioner och \u00e5rliga f\u00f6rnyelser f\u00f6r att s\u00e4kerst\u00e4lla integriteten i de <strong>ekologiska p\u00e5st\u00e5endena.<\/strong> Fr\u00e5n den f\u00f6rsta ans\u00f6kan till regelbundna kontroller, varje steg s\u00e4kerst\u00e4ller att v\u00e5ra produkter produceras och hanteras enligt de str\u00e4ngaste <strong>ekologiska riktlinjerna.<\/strong><\/p>\t\t\t\t\t\t\t\t<\/div>\n\t\t\t\t<\/div>\n\t\t\t\t<div class=\"elementor-element elementor-element-75ee07a elementor-align-left elementor-hidden-mobile elementor-widget elementor-widget-button\" data-id=\"75ee07a\" data-element_type=\"widget\" data-widget_type=\"button.default\">\n\t\t\t\t<div class=\"elementor-widget-container\">\n\t\t\t\t\t\t\t\t\t<div class=\"elementor-button-wrapper\">\n\t\t\t\t\t<a class=\"elementor-button elementor-button-link elementor-size-sm\" href=\"http:\/\/sv\/varfor-ekologiskt\/certifierad-ekologisk\/\" aria-label=\"Learn more about organic certification\">\n\t\t\t\t\t\t<span class=\"elementor-button-content-wrapper\">\n\t\t\t\t\t\t\t\t\t<span class=\"elementor-button-text\">L\u00e4s mer om ekologisk certifiering<\/span>\n\t\t\t\t\t<\/span>\n\t\t\t\t\t<\/a>\n\t\t\t\t<\/div>\n\t\t\t\t\t\t\t\t<\/div>\n\t\t\t\t<\/div>\n\t\t\t\t<\/div>\n\t\t<div class=\"elementor-element elementor-element-1e7988a e-con-full e-flex e-con e-child\" data-id=\"1e7988a\" data-element_type=\"container\">\n\t\t\t\t<div class=\"elementor-element elementor-element-9a3c7cd animated-slow elementor-invisible elementor-widget elementor-widget-image\" data-id=\"9a3c7cd\" data-element_type=\"widget\" data-settings=\"{&quot;_animation&quot;:&quot;slideInRight&quot;}\" data-widget_type=\"image.default\">\n\t\t\t\t<div class=\"elementor-widget-container\">\n\t\t\t\t\t\t\t\t\t\t\t\t\t\t\t<img fetchpriority=\"high\" decoding=\"async\" width=\"652\" height=\"752\" src=\"https:\/\/organic-lamb.eu\/wp-content\/uploads\/2025\/05\/animal-welfare-organic-farming.webp\" class=\"attachment-full size-full wp-image-3584\" alt=\"Animal welfare in organic farming\" srcset=\"https:\/\/organic-lamb.eu\/wp-content\/uploads\/2025\/05\/animal-welfare-organic-farming.webp 652w, https:\/\/organic-lamb.eu\/wp-content\/uploads\/2025\/05\/animal-welfare-organic-farming-260x300.webp 260w\" sizes=\"(max-width: 652px) 100vw, 652px\" \/>\t\t\t\t\t\t\t\t\t\t\t\t\t\t\t<\/div>\n\t\t\t\t<\/div>\n\t\t\t\t<div class=\"elementor-element elementor-element-361515c animated-slow elementor-invisible elementor-widget elementor-widget-image\" data-id=\"361515c\" data-element_type=\"widget\" data-settings=\"{&quot;_animation&quot;:&quot;slideInUp&quot;}\" data-widget_type=\"image.default\">\n\t\t\t\t<div class=\"elementor-widget-container\">\n\t\t\t\t\t\t\t\t\t\t\t\t\t\t\t<img decoding=\"async\" width=\"1316\" height=\"1515\" src=\"https:\/\/organic-lamb.eu\/wp-content\/uploads\/2025\/05\/organic-lamb-irish-sheep-1.webp\" class=\"attachment-full size-full wp-image-3579\" alt=\"Organic lamb\" srcset=\"https:\/\/organic-lamb.eu\/wp-content\/uploads\/2025\/05\/organic-lamb-irish-sheep-1.webp 1316w, https:\/\/organic-lamb.eu\/wp-content\/uploads\/2025\/05\/organic-lamb-irish-sheep-1-261x300.webp 261w, https:\/\/organic-lamb.eu\/wp-content\/uploads\/2025\/05\/organic-lamb-irish-sheep-1-889x1024.webp 889w, https:\/\/organic-lamb.eu\/wp-content\/uploads\/2025\/05\/organic-lamb-irish-sheep-1-768x884.webp 768w\" sizes=\"(max-width: 1316px) 100vw, 1316px\" \/>\t\t\t\t\t\t\t\t\t\t\t\t\t\t\t<\/div>\n\t\t\t\t<\/div>\n\t\t\t\t<div class=\"elementor-element elementor-element-99f2e87 elementor-hidden-desktop elementor-hidden-tablet elementor-widget elementor-widget-heading\" data-id=\"99f2e87\" data-element_type=\"widget\" data-widget_type=\"heading.default\">\n\t\t\t\t<div class=\"elementor-widget-container\">\n\t\t\t\t\t<h2 class=\"elementor-heading-title elementor-size-default\">Ekologiskt Lamm<\/h2>\t\t\t\t<\/div>\n\t\t\t\t<\/div>\n\t\t\t\t<div class=\"elementor-element elementor-element-a6b16ba elementor-hidden-desktop elementor-hidden-tablet elementor-widget elementor-widget-text-editor\" data-id=\"a6b16ba\" data-element_type=\"widget\" data-widget_type=\"text-editor.default\">\n\t\t\t\t<div class=\"elementor-widget-container\">\n\t\t\t\t\t\t\t\t\t<p>Det europeiska ekologiska lammproduktionssystemet som kr\u00e4ver till\u00e4mpning av genomt\u00e4nkta jordbruksmetoder som f\u00f6rhindrar skador p\u00e5 milj\u00f6n och prioriterar djurv\u00e4lf\u00e4rd.<\/p><p>Att bygga och uppr\u00e4tth\u00e5lla jordh\u00e4lsa samt f\u00f6rebyggande av sjukdomar i flocken \u00e4r ocks\u00e5 viktiga aspekter av ekologisk lammproduktion.<\/p>\t\t\t\t\t\t\t\t<\/div>\n\t\t\t\t<\/div>\n\t\t\t\t<div class=\"elementor-element elementor-element-c60dfff elementor-align-left elementor-hidden-desktop elementor-hidden-tablet elementor-widget elementor-widget-button\" data-id=\"c60dfff\" data-element_type=\"widget\" data-widget_type=\"button.default\">\n\t\t\t\t<div class=\"elementor-widget-container\">\n\t\t\t\t\t\t\t\t\t<div class=\"elementor-button-wrapper\">\n\t\t\t\t\t<a class=\"elementor-button elementor-button-link elementor-size-sm\" href=\"\/sv\/ekologiskt-lamm\/\" aria-label=\"Organic Lamb\">\n\t\t\t\t\t\t<span class=\"elementor-button-content-wrapper\">\n\t\t\t\t\t\t\t\t\t<span class=\"elementor-button-text\">Ekologiskt Lamm<\/span>\n\t\t\t\t\t<\/span>\n\t\t\t\t\t<\/a>\n\t\t\t\t<\/div>\n\t\t\t\t\t\t\t\t<\/div>\n\t\t\t\t<\/div>\n\t\t\t\t<div class=\"elementor-element elementor-element-b56c4fc elementor-hidden-desktop elementor-hidden-tablet elementor-widget elementor-widget-heading\" data-id=\"b56c4fc\" data-element_type=\"widget\" data-widget_type=\"heading.default\">\n\t\t\t\t<div class=\"elementor-widget-container\">\n\t\t\t\t\t<h2 class=\"elementor-heading-title elementor-size-default\">EU:s certifieringsprocess f\u00f6r ekologiska produkter: Det du beh\u00f6ver veta<\/h2>\t\t\t\t<\/div>\n\t\t\t\t<\/div>\n\t\t\t\t<div class=\"elementor-element elementor-element-8882c15 elementor-hidden-desktop elementor-hidden-tablet elementor-widget elementor-widget-text-editor\" data-id=\"8882c15\" data-element_type=\"widget\" data-widget_type=\"text-editor.default\">\n\t\t\t\t<div class=\"elementor-widget-container\">\n\t\t\t\t\t\t\t\t\t<p>N\u00e4r du ser <strong>EU ekologiska logotyp<\/strong> kan du vara s\u00e4ker p\u00e5 att produkten uppfyller <strong>strikta ekologiska standarder.<\/strong> Den <strong>ekologiska certifieringsprocessen<\/strong> innefattar detaljerade inspektioner och \u00e5rliga f\u00f6rnyelser f\u00f6r att s\u00e4kerst\u00e4lla integriteten i de <strong>ekologiska p\u00e5st\u00e5endena.<\/strong> Fr\u00e5n den f\u00f6rsta ans\u00f6kan till regelbundna kontroller, varje steg s\u00e4kerst\u00e4ller att v\u00e5ra produkter produceras och hanteras enligt de str\u00e4ngaste <strong>ekologiska riktlinjerna.<\/strong><\/p>\t\t\t\t\t\t\t\t<\/div>\n\t\t\t\t<\/div>\n\t\t\t\t<div class=\"elementor-element elementor-element-9e62402 animated-slow elementor-invisible elementor-widget elementor-widget-image\" data-id=\"9e62402\" data-element_type=\"widget\" data-settings=\"{&quot;_animation&quot;:&quot;fadeIn&quot;}\" data-widget_type=\"image.default\">\n\t\t\t\t<div class=\"elementor-widget-container\">\n\t\t\t\t\t\t\t\t\t\t\t\t\t\t\t<img loading=\"lazy\" decoding=\"async\" width=\"316\" height=\"211\" src=\"https:\/\/organic-lamb.eu\/wp-content\/uploads\/2025\/05\/organic-certification-logo.svg\" class=\"attachment-full size-full wp-image-3568\" alt=\"Organic certification logo\" \/>\t\t\t\t\t\t\t\t\t\t\t\t\t\t\t<\/div>\n\t\t\t\t<\/div>\n\t\t\t\t<div class=\"elementor-element elementor-element-c2e77d2 elementor-align-left elementor-hidden-desktop elementor-hidden-tablet elementor-widget elementor-widget-button\" data-id=\"c2e77d2\" data-element_type=\"widget\" data-widget_type=\"button.default\">\n\t\t\t\t<div class=\"elementor-widget-container\">\n\t\t\t\t\t\t\t\t\t<div class=\"elementor-button-wrapper\">\n\t\t\t\t\t<a class=\"elementor-button elementor-button-link elementor-size-sm\" href=\"\/sv\/varfor-ekologiskt\/certifierad-ekologisk\/\" aria-label=\"KNOW MORE ABOUT ORGANIC CERTIFICATION\">\n\t\t\t\t\t\t<span class=\"elementor-button-content-wrapper\">\n\t\t\t\t\t\t\t\t\t<span class=\"elementor-button-text\">L\u00e4s mer om ekologisk certifiering<\/span>\n\t\t\t\t\t<\/span>\n\t\t\t\t\t<\/a>\n\t\t\t\t<\/div>\n\t\t\t\t\t\t\t\t<\/div>\n\t\t\t\t<\/div>\n\t\t\t\t<\/div>\n\t\t\t\t\t<\/div>\n\t\t\t\t<\/div>\n\t\t<div class=\"elementor-element elementor-element-62e3bf6 e-flex e-con-boxed e-con e-parent\" data-id=\"62e3bf6\" data-element_type=\"container\">\n\t\t\t\t\t<div class=\"e-con-inner\">\n\t\t\t\t<div class=\"elementor-element elementor-element-1b5a2ee elementor-widget elementor-widget-heading\" data-id=\"1b5a2ee\" data-element_type=\"widget\" data-widget_type=\"heading.default\">\n\t\t\t\t<div class=\"elementor-widget-container\">\n\t\t\t\t\t<h2 class=\"elementor-heading-title elementor-size-default\">Vill du veta mer?<\/h2>\t\t\t\t<\/div>\n\t\t\t\t<\/div>\n\t\t\t\t\t<\/div>\n\t\t\t\t<\/div>\n\t\t<div class=\"elementor-element elementor-element-182dd2c e-flex e-con-boxed e-con e-parent\" data-id=\"182dd2c\" data-element_type=\"container\">\n\t\t\t\t\t<div class=\"e-con-inner\">\n\t\t<div class=\"elementor-element elementor-element-491f12c e-con-full animated-slow e-flex elementor-invisible e-con e-child\" data-id=\"491f12c\" data-element_type=\"container\" data-settings=\"{&quot;background_background&quot;:&quot;classic&quot;,&quot;animation&quot;:&quot;slideInUp&quot;,&quot;animation_delay&quot;:500}\">\n\t\t\t\t<div class=\"elementor-element elementor-element-e28026b elementor-widget elementor-widget-image\" data-id=\"e28026b\" data-element_type=\"widget\" data-widget_type=\"image.default\">\n\t\t\t\t<div class=\"elementor-widget-container\">\n\t\t\t\t\t\t\t\t\t\t\t\t\t\t\t<img loading=\"lazy\" decoding=\"async\" width=\"948\" height=\"1086\" src=\"https:\/\/organic-lamb.eu\/wp-content\/uploads\/2025\/05\/organic-lamb.webp\" class=\"attachment-full size-full wp-image-3558\" alt=\"Organic Lamb\" srcset=\"https:\/\/organic-lamb.eu\/wp-content\/uploads\/2025\/05\/organic-lamb.webp 948w, https:\/\/organic-lamb.eu\/wp-content\/uploads\/2025\/05\/organic-lamb-262x300.webp 262w, https:\/\/organic-lamb.eu\/wp-content\/uploads\/2025\/05\/organic-lamb-894x1024.webp 894w, https:\/\/organic-lamb.eu\/wp-content\/uploads\/2025\/05\/organic-lamb-768x880.webp 768w\" sizes=\"(max-width: 948px) 100vw, 948px\" \/>\t\t\t\t\t\t\t\t\t\t\t\t\t\t\t<\/div>\n\t\t\t\t<\/div>\n\t\t\t\t<div class=\"elementor-element elementor-element-5cc35c6 elementor-widget elementor-widget-heading\" data-id=\"5cc35c6\" data-element_type=\"widget\" data-widget_type=\"heading.default\">\n\t\t\t\t<div class=\"elementor-widget-container\">\n\t\t\t\t\t<p class=\"elementor-heading-title elementor-size-default\">Ekologiskt lamm<\/p>\t\t\t\t<\/div>\n\t\t\t\t<\/div>\n\t\t\t\t<div class=\"elementor-element elementor-element-c6323d7 elementor-align-center elementor-widget elementor-widget-button\" data-id=\"c6323d7\" data-element_type=\"widget\" data-widget_type=\"button.default\">\n\t\t\t\t<div class=\"elementor-widget-container\">\n\t\t\t\t\t\t\t\t\t<div class=\"elementor-button-wrapper\">\n\t\t\t\t\t<a class=\"elementor-button elementor-button-link elementor-size-sm\" href=\"\/sv\/ekologiskt-lamm\/\" aria-label=\"Explore Organic Lamb\">\n\t\t\t\t\t\t<span class=\"elementor-button-content-wrapper\">\n\t\t\t\t\t\t\t\t\t<span class=\"elementor-button-text\">Utforska <span class=\"visually-hidden\"> Organic Lamb<\/span><\/span>\n\t\t\t\t\t<\/span>\n\t\t\t\t\t<\/a>\n\t\t\t\t<\/div>\n\t\t\t\t\t\t\t\t<\/div>\n\t\t\t\t<\/div>\n\t\t\t\t<\/div>\n\t\t<div class=\"elementor-element elementor-element-283adb6 e-con-full animated-slow e-flex elementor-invisible e-con e-child\" data-id=\"283adb6\" data-element_type=\"container\" data-settings=\"{&quot;background_background&quot;:&quot;classic&quot;,&quot;animation&quot;:&quot;slideInUp&quot;,&quot;animation_delay&quot;:1000}\">\n\t\t\t\t<div class=\"elementor-element elementor-element-532de38 elementor-widget elementor-widget-image\" data-id=\"532de38\" data-element_type=\"widget\" data-widget_type=\"image.default\">\n\t\t\t\t<div class=\"elementor-widget-container\">\n\t\t\t\t\t\t\t\t\t\t\t\t\t\t\t<img loading=\"lazy\" decoding=\"async\" width=\"948\" height=\"1087\" src=\"https:\/\/organic-lamb.eu\/wp-content\/uploads\/2025\/05\/ireland-organic-farming.webp\" class=\"attachment-full size-full wp-image-3553\" alt=\"Ireland\" srcset=\"https:\/\/organic-lamb.eu\/wp-content\/uploads\/2025\/05\/ireland-organic-farming.webp 948w, https:\/\/organic-lamb.eu\/wp-content\/uploads\/2025\/05\/ireland-organic-farming-262x300.webp 262w, https:\/\/organic-lamb.eu\/wp-content\/uploads\/2025\/05\/ireland-organic-farming-893x1024.webp 893w, https:\/\/organic-lamb.eu\/wp-content\/uploads\/2025\/05\/ireland-organic-farming-768x881.webp 768w\" sizes=\"(max-width: 948px) 100vw, 948px\" \/>\t\t\t\t\t\t\t\t\t\t\t\t\t\t\t<\/div>\n\t\t\t\t<\/div>\n\t\t\t\t<div class=\"elementor-element elementor-element-0e26ee1 elementor-widget elementor-widget-heading\" data-id=\"0e26ee1\" data-element_type=\"widget\" data-widget_type=\"heading.default\">\n\t\t\t\t<div class=\"elementor-widget-container\">\n\t\t\t\t\t<p class=\"elementor-heading-title elementor-size-default\">Irland<\/p>\t\t\t\t<\/div>\n\t\t\t\t<\/div>\n\t\t\t\t<div class=\"elementor-element elementor-element-916b3f6 elementor-align-center elementor-widget elementor-widget-button\" data-id=\"916b3f6\" data-element_type=\"widget\" data-widget_type=\"button.default\">\n\t\t\t\t<div class=\"elementor-widget-container\">\n\t\t\t\t\t\t\t\t\t<div class=\"elementor-button-wrapper\">\n\t\t\t\t\t<a class=\"elementor-button elementor-button-link elementor-size-sm\" href=\"\/sv\/irland\/\" aria-label=\"Explore Ireland\">\n\t\t\t\t\t\t<span class=\"elementor-button-content-wrapper\">\n\t\t\t\t\t\t\t\t\t<span class=\"elementor-button-text\">Utforska <span class=\"visually-hidden\"> Ireland<\/span><\/span>\n\t\t\t\t\t<\/span>\n\t\t\t\t\t<\/a>\n\t\t\t\t<\/div>\n\t\t\t\t\t\t\t\t<\/div>\n\t\t\t\t<\/div>\n\t\t\t\t<\/div>\n\t\t<div class=\"elementor-element elementor-element-934c721 e-con-full animated-slow e-flex elementor-invisible e-con e-child\" data-id=\"934c721\" data-element_type=\"container\" data-settings=\"{&quot;background_background&quot;:&quot;classic&quot;,&quot;animation&quot;:&quot;slideInUp&quot;,&quot;animation_delay&quot;:1500}\">\n\t\t\t\t<div class=\"elementor-element elementor-element-3e92c99 elementor-widget elementor-widget-image\" data-id=\"3e92c99\" data-element_type=\"widget\" data-widget_type=\"image.default\">\n\t\t\t\t<div class=\"elementor-widget-container\">\n\t\t\t\t\t\t\t\t\t\t\t\t\t\t\t<img loading=\"lazy\" decoding=\"async\" width=\"948\" height=\"1086\" src=\"https:\/\/organic-lamb.eu\/wp-content\/uploads\/2025\/05\/organic-certification-logo.webp\" class=\"attachment-full size-full wp-image-3548\" alt=\"Organic Certification\" srcset=\"https:\/\/organic-lamb.eu\/wp-content\/uploads\/2025\/05\/organic-certification-logo.webp 948w, https:\/\/organic-lamb.eu\/wp-content\/uploads\/2025\/05\/organic-certification-logo-262x300.webp 262w, https:\/\/organic-lamb.eu\/wp-content\/uploads\/2025\/05\/organic-certification-logo-894x1024.webp 894w, https:\/\/organic-lamb.eu\/wp-content\/uploads\/2025\/05\/organic-certification-logo-768x880.webp 768w\" sizes=\"(max-width: 948px) 100vw, 948px\" \/>\t\t\t\t\t\t\t\t\t\t\t\t\t\t\t<\/div>\n\t\t\t\t<\/div>\n\t\t\t\t<div class=\"elementor-element elementor-element-dc0f73e elementor-widget elementor-widget-heading\" data-id=\"dc0f73e\" data-element_type=\"widget\" data-widget_type=\"heading.default\">\n\t\t\t\t<div class=\"elementor-widget-container\">\n\t\t\t\t\t<p class=\"elementor-heading-title elementor-size-default\">Ekologisk certifiering<\/p>\t\t\t\t<\/div>\n\t\t\t\t<\/div>\n\t\t\t\t<div class=\"elementor-element elementor-element-05c5ccc elementor-align-center elementor-widget elementor-widget-button\" data-id=\"05c5ccc\" data-element_type=\"widget\" data-widget_type=\"button.default\">\n\t\t\t\t<div class=\"elementor-widget-container\">\n\t\t\t\t\t\t\t\t\t<div class=\"elementor-button-wrapper\">\n\t\t\t\t\t<a class=\"elementor-button elementor-button-link elementor-size-sm\" href=\"\/sv\/varfor-ekologiskt\/certifierad-ekologisk\/\" aria-label=\"Explore Organic Certification\">\n\t\t\t\t\t\t<span class=\"elementor-button-content-wrapper\">\n\t\t\t\t\t\t\t\t\t<span class=\"elementor-button-text\">Utforska<span class=\"visually-hidden\"> Organic Certification<\/span><\/span>\n\t\t\t\t\t<\/span>\n\t\t\t\t\t<\/a>\n\t\t\t\t<\/div>\n\t\t\t\t\t\t\t\t<\/div>\n\t\t\t\t<\/div>\n\t\t\t\t<\/div>\n\t\t\t\t\t<\/div>\n\t\t\t\t<\/div>\n\t\t\t\t<\/div>\n\t\t","protected":false},"excerpt":{"rendered":"<p>Europeiskt ekologiskt lammk\u00f6tt Betesuppf\u00f6tt p\u00e5 Irland Uppt\u00e4ck Europas rika tradition av h\u00e5llbart jordbruk och ekologiskt lantbruk, d\u00e4r frodiga landskap och en stark tradition av ekologiska metoder f\u00f6renas f\u00f6r att erbjuda dig lamm av h\u00f6gsta kvalitet, h\u00e5llbart producerat. V\u00e5ra frodiga gr\u00f6na \u00e4ngar och b\u00f6ljande kullar skapar en idealisk milj\u00f6 f\u00f6r ekologiskt jordbruk och s\u00e4kerst\u00e4ller att varje [&hellip;]<\/p>\n","protected":false},"author":1,"featured_media":0,"parent":0,"menu_order":0,"comment_status":"closed","ping_status":"closed","template":"","meta":{"footnotes":""},"class_list":["post-2008","page","type-page","status-publish","hentry"],"_links":{"self":[{"href":"https:\/\/organic-lamb.eu\/sv\/wp-json\/wp\/v2\/pages\/2008","targetHints":{"allow":["GET"]}}],"collection":[{"href":"https:\/\/organic-lamb.eu\/sv\/wp-json\/wp\/v2\/pages"}],"about":[{"href":"https:\/\/organic-lamb.eu\/sv\/wp-json\/wp\/v2\/types\/page"}],"author":[{"embeddable":true,"href":"https:\/\/organic-lamb.eu\/sv\/wp-json\/wp\/v2\/users\/1"}],"replies":[{"embeddable":true,"href":"https:\/\/organic-lamb.eu\/sv\/wp-json\/wp\/v2\/comments?post=2008"}],"version-history":[{"count":89,"href":"https:\/\/organic-lamb.eu\/sv\/wp-json\/wp\/v2\/pages\/2008\/revisions"}],"predecessor-version":[{"id":4570,"href":"https:\/\/organic-lamb.eu\/sv\/wp-json\/wp\/v2\/pages\/2008\/revisions\/4570"}],"wp:attachment":[{"href":"https:\/\/organic-lamb.eu\/sv\/wp-json\/wp\/v2\/media?parent=2008"}],"curies":[{"name":"wp","href":"https:\/\/api.w.org\/{rel}","templated":true}]}}