{"id":2094,"date":"2024-09-08T16:38:59","date_gmt":"2024-09-08T16:38:59","guid":{"rendered":"https:\/\/organic-lamb.eu\/irland\/pasture-raised\/"},"modified":"2025-06-03T06:56:02","modified_gmt":"2025-06-03T06:56:02","slug":"betesmark-upphojd","status":"publish","type":"page","link":"https:\/\/organic-lamb.eu\/sv\/irland\/betesmark-upphojd\/","title":{"rendered":"Betesmark Upph\u00f6jd"},"content":{"rendered":"\t\t<div data-elementor-type=\"wp-page\" data-elementor-id=\"2094\" class=\"elementor elementor-2094 elementor-70\" data-elementor-post-type=\"page\">\n\t\t\t\t<div class=\"elementor-element elementor-element-a02a5d5 e-flex e-con-boxed e-con e-parent\" data-id=\"a02a5d5\" data-element_type=\"container\" data-settings=\"{&quot;background_background&quot;:&quot;classic&quot;}\">\n\t\t\t\t\t<div class=\"e-con-inner\">\n\t\t\t\t<div class=\"elementor-element elementor-element-b643418 elementor-widget elementor-widget-heading\" data-id=\"b643418\" data-element_type=\"widget\" data-widget_type=\"heading.default\">\n\t\t\t\t<div class=\"elementor-widget-container\">\n\t\t\t\t\t<h1 class=\"elementor-heading-title elementor-size-default\">Ekologiskt n\u00f6tk\u00f6tt och lamm fr\u00e5n betesuppf\u00f6dning<\/h1>\t\t\t\t<\/div>\n\t\t\t\t<\/div>\n\t\t\t\t<div class=\"elementor-element elementor-element-e225b3e elementor-widget elementor-widget-image\" data-id=\"e225b3e\" data-element_type=\"widget\" data-widget_type=\"image.default\">\n\t\t\t\t<div class=\"elementor-widget-container\">\n\t\t\t\t\t\t\t\t\t\t\t\t\t\t\t<img decoding=\"async\" width=\"146\" height=\"197\" src=\"https:\/\/organic-lamb.eu\/wp-content\/uploads\/2024\/09\/logo-Enjoy.svg\" class=\"attachment-full size-full wp-image-125\" alt=\"Enjoy It&#039;s from Europe\" \/>\t\t\t\t\t\t\t\t\t\t\t\t\t\t\t<\/div>\n\t\t\t\t<\/div>\n\t\t\t\t\t<\/div>\n\t\t\t\t<\/div>\n\t\t<div class=\"elementor-element elementor-element-dee32ee e-flex e-con-boxed e-con e-parent\" data-id=\"dee32ee\" data-element_type=\"container\">\n\t\t\t\t\t<div class=\"e-con-inner\">\n\t\t<div class=\"elementor-element elementor-element-d8d71fe e-con-full e-flex e-con e-child\" data-id=\"d8d71fe\" data-element_type=\"container\">\n\t\t\t\t<div class=\"elementor-element elementor-element-eaceed9 elementor-widget elementor-widget-text-editor\" data-id=\"eaceed9\" data-element_type=\"widget\" data-widget_type=\"text-editor.default\">\n\t\t\t\t<div class=\"elementor-widget-container\">\n\t\t\t\t\t\t\t\t\t<p><span style=\"font-weight: 400;\">Irland har Europas l\u00e4ngsta gr\u00e4ss\u00e4song tack vare det tempererade klimatet, rikliga regn och b\u00f6rdiga jordar. Dessa f\u00f6rh\u00e5llanden ger optimala grundf\u00f6ruts\u00e4ttningar f\u00f6r ett l\u00e5ginsatssystem baserat p\u00e5 betesmark inom den <strong>europeiska ekologiska jordbruksproduktionen.<\/strong><\/span><\/p>\t\t\t\t\t\t\t\t<\/div>\n\t\t\t\t<\/div>\n\t\t\t\t<div class=\"elementor-element elementor-element-dccc7d7 elementor-widget elementor-widget-text-editor\" data-id=\"dccc7d7\" data-element_type=\"widget\" data-widget_type=\"text-editor.default\">\n\t\t\t\t<div class=\"elementor-widget-container\">\n\t\t\t\t\t\t\t\t\t<p><span style=\"font-weight: 400;\">Med 80 % av jordbruksmarken avsatt till betesmarker kan n\u00f6tkreatur och f\u00e5r vara utomhus i naturen under st\u00f6rre delen av \u00e5ret och beta p\u00e5 f\u00e4rskt gr\u00e4s, i genomsnitt 220 dagar per \u00e5r. Under vinterm\u00e5naderna utfodras de med konserverat gr\u00e4s, k\u00e4nt som ensilage, vilket inneb\u00e4r att deras kost huvudsakligen \u00e4r gr\u00e4sbaserad.<\/span><\/p>\t\t\t\t\t\t\t\t<\/div>\n\t\t\t\t<\/div>\n\t\t\t\t<div class=\"elementor-element elementor-element-e583118 elementor-widget elementor-widget-text-editor\" data-id=\"e583118\" data-element_type=\"widget\" data-widget_type=\"text-editor.default\">\n\t\t\t\t<div class=\"elementor-widget-container\">\n\t\t\t\t\t\t\t\t\t<p><span style=\"font-weight: 400;\">Eftersom syntetiska g\u00f6dningsmedel inte anv\u00e4nds i <strong>ekologisk produktion<\/strong>, erbjuder kl\u00f6ver, som tillh\u00f6r familjen baljv\u00e4xter, en alternativ l\u00f6sning f\u00f6r ekologiska b\u00f6nder genom att arbeta med de naturliga systemen och kretsloppen i v\u00e4xter och jord. Kl\u00f6ver binder kv\u00e4ve i jorden genom en process som kallas kv\u00e4vefixering. Enkelt uttryckt inneb\u00e4r denna process att v\u00e4xtens r\u00f6tter bildar en symbiotisk relation med bakterier i jorden. Bakterierna omvandlar kv\u00e4ve fr\u00e5n atmosf\u00e4ren till en form som kl\u00f6vern kan anv\u00e4nda, vilket i sin tur sl\u00e4pper ut kv\u00e4ve i jorden och g\u00f6der de omgivande v\u00e4xterna.<\/span><\/p>\t\t\t\t\t\t\t\t<\/div>\n\t\t\t\t<\/div>\n\t\t\t\t<div class=\"elementor-element elementor-element-e53bf31 elementor-widget elementor-widget-text-editor\" data-id=\"e53bf31\" data-element_type=\"widget\" data-widget_type=\"text-editor.default\">\n\t\t\t\t<div class=\"elementor-widget-container\">\n\t\t\t\t\t\t\t\t\t<div class=\"flex max-w-full flex-col flex-grow\"><div class=\"min-h-8 text-message flex w-full flex-col items-end gap-2 whitespace-normal break-words [.text-message+&amp;]:mt-5\" dir=\"auto\" data-message-author-role=\"assistant\" data-message-id=\"473d681f-2148-4a89-80fe-7fce9596b55a\"><div class=\"flex w-full flex-col gap-1 empty:hidden first:pt-[3px]\"><div class=\"markdown prose w-full break-words dark:prose-invert light\"><p>Historiskt sett bestod betesmarker av en m\u00e5ngfaldig blandning av v\u00e4xter eller gr\u00e4smattor. Under de senaste \u00e5ren har dock \u00e4ngsgr\u00f6e (perenn rajgr\u00e4s) blivit den mest popul\u00e4ra v\u00e4xten att odla p\u00e5 g\u00e5rdar p\u00e5 grund av dess h\u00f6ga avkastning och f\u00f6rm\u00e5ga att producera ett h\u00f6gkvalitativt foder f\u00f6r boskap. Det kr\u00e4ver dock h\u00f6ga niv\u00e5er av kv\u00e4veg\u00f6dsel i jorden f\u00f6r att uppn\u00e5 en h\u00f6g avkastning. I avsaknad av syntetiska g\u00f6dselmedel kan detta vara sv\u00e5rt. Ekologiskt jordbruk bygger p\u00e5 att utveckla en frisk och b\u00f6rdig jord samt att odla en blandning av gr\u00f6dor f\u00f6r att berika v\u00e4xterna och skapa en mer ekologiskt diversifierad g\u00e5rd \u00e4n icke-ekologiska g\u00e5rdar. Att inkludera kl\u00f6ver i betesmarkerna \u00e4r ett s\u00e4tt att g\u00f6ra kv\u00e4ve tillg\u00e4ngligt, men att plantera olika andra v\u00e4xtarter, eller med andra ord flerskiktsgr\u00e4s, s\u00e5som groblad, cikoria och timotej, kan vara f\u00f6rdelaktigt. Dessa gr\u00e4smattor har olika rotdjup, vilket g\u00f6r att de kan f\u00e5 tillg\u00e5ng till ytterligare fukt och n\u00e4rings\u00e4mnen i jorden, samtidigt som de skapar en mer ekologiskt m\u00e5ngfaldig betesmark f\u00f6r ekologiska n\u00f6tkreatur och f\u00e5r att beta p\u00e5.<\/p><\/div><\/div><\/div><\/div>\t\t\t\t\t\t\t\t<\/div>\n\t\t\t\t<\/div>\n\t\t<div class=\"elementor-element elementor-element-d92f94b e-con-full elementor-hidden-mobile e-flex e-con e-child\" data-id=\"d92f94b\" data-element_type=\"container\">\n\t\t<div class=\"elementor-element elementor-element-f927994 e-con-full e-flex e-con e-child\" data-id=\"f927994\" data-element_type=\"container\" data-settings=\"{&quot;background_background&quot;:&quot;classic&quot;}\">\n\t\t\t\t<div class=\"elementor-element elementor-element-cba14ad elementor-widget elementor-widget-heading\" data-id=\"cba14ad\" data-element_type=\"widget\" data-widget_type=\"heading.default\">\n\t\t\t\t<div class=\"elementor-widget-container\">\n\t\t\t\t\t<h2 class=\"elementor-heading-title elementor-size-default\">N\u00e4ringsm\u00e4ssiga f\u00f6rdelar med k\u00f6tt fr\u00e5n betesuppf\u00f6dning<\/h2>\t\t\t\t<\/div>\n\t\t\t\t<\/div>\n\t\t\t\t<\/div>\n\t\t<div class=\"elementor-element elementor-element-670b729 e-con-full e-flex e-con e-child\" data-id=\"670b729\" data-element_type=\"container\" data-settings=\"{&quot;background_background&quot;:&quot;classic&quot;}\">\n\t\t\t\t<div class=\"elementor-element elementor-element-a6f10c6 elementor-widget elementor-widget-text-editor\" data-id=\"a6f10c6\" data-element_type=\"widget\" data-widget_type=\"text-editor.default\">\n\t\t\t\t<div class=\"elementor-widget-container\">\n\t\t\t\t\t\t\t\t\t<p>L\u00e4gre halt av m\u00e4ttade fetter<\/p>\t\t\t\t\t\t\t\t<\/div>\n\t\t\t\t<\/div>\n\t\t\t\t<div class=\"elementor-element elementor-element-c11f779 elementor-widget elementor-widget-image\" data-id=\"c11f779\" data-element_type=\"widget\" data-widget_type=\"image.default\">\n\t\t\t\t<div class=\"elementor-widget-container\">\n\t\t\t\t\t\t\t\t\t\t\t\t\t\t\t<img decoding=\"async\" width=\"1\" height=\"1\" src=\"https:\/\/organic-lamb.eu\/wp-content\/uploads\/2024\/09\/pasture_9.svg\" class=\"attachment-large size-large wp-image-1162\" alt=\"\" \/>\t\t\t\t\t\t\t\t\t\t\t\t\t\t\t<\/div>\n\t\t\t\t<\/div>\n\t\t\t\t<\/div>\n\t\t<div class=\"elementor-element elementor-element-31079c9 e-con-full e-flex e-con e-child\" data-id=\"31079c9\" data-element_type=\"container\" data-settings=\"{&quot;background_background&quot;:&quot;classic&quot;}\">\n\t\t\t\t<div class=\"elementor-element elementor-element-1da4224 elementor-widget elementor-widget-text-editor\" data-id=\"1da4224\" data-element_type=\"widget\" data-widget_type=\"text-editor.default\">\n\t\t\t\t<div class=\"elementor-widget-container\">\n\t\t\t\t\t\t\t\t\t<p>H\u00f6gre halt av omega-3-fettsyror<\/p>\t\t\t\t\t\t\t\t<\/div>\n\t\t\t\t<\/div>\n\t\t\t\t<div class=\"elementor-element elementor-element-95af257 elementor-widget elementor-widget-image\" data-id=\"95af257\" data-element_type=\"widget\" data-widget_type=\"image.default\">\n\t\t\t\t<div class=\"elementor-widget-container\">\n\t\t\t\t\t\t\t\t\t\t\t\t\t\t\t<img decoding=\"async\" width=\"1\" height=\"1\" src=\"https:\/\/organic-lamb.eu\/wp-content\/uploads\/2024\/09\/pasture_4.svg\" class=\"attachment-large size-large wp-image-1136\" alt=\"\" \/>\t\t\t\t\t\t\t\t\t\t\t\t\t\t\t<\/div>\n\t\t\t\t<\/div>\n\t\t\t\t<\/div>\n\t\t<div class=\"elementor-element elementor-element-45c43db e-con-full e-flex e-con e-child\" data-id=\"45c43db\" data-element_type=\"container\" data-settings=\"{&quot;background_background&quot;:&quot;classic&quot;}\">\n\t\t\t\t<div class=\"elementor-element elementor-element-9ac3367 elementor-widget elementor-widget-text-editor\" data-id=\"9ac3367\" data-element_type=\"widget\" data-widget_type=\"text-editor.default\">\n\t\t\t\t<div class=\"elementor-widget-container\">\n\t\t\t\t\t\t\t\t\t<p>H\u00f6gre halt av vitamin A och vitamin E<\/p>\t\t\t\t\t\t\t\t<\/div>\n\t\t\t\t<\/div>\n\t\t\t\t<div class=\"elementor-element elementor-element-3969e3c elementor-widget elementor-widget-image\" data-id=\"3969e3c\" data-element_type=\"widget\" data-widget_type=\"image.default\">\n\t\t\t\t<div class=\"elementor-widget-container\">\n\t\t\t\t\t\t\t\t\t\t\t\t\t\t\t<img loading=\"lazy\" decoding=\"async\" width=\"1\" height=\"1\" src=\"https:\/\/organic-lamb.eu\/wp-content\/uploads\/2024\/09\/pasture_5.svg\" class=\"attachment-large size-large wp-image-1141\" alt=\"\" \/>\t\t\t\t\t\t\t\t\t\t\t\t\t\t\t<\/div>\n\t\t\t\t<\/div>\n\t\t\t\t<\/div>\n\t\t\t\t<\/div>\n\t\t\t\t<div class=\"elementor-element elementor-element-9b7e5b0 elementor-hidden-mobile elementor-widget elementor-widget-text-editor\" data-id=\"9b7e5b0\" data-element_type=\"widget\" data-widget_type=\"text-editor.default\">\n\t\t\t\t<div class=\"elementor-widget-container\">\n\t\t\t\t\t\t\t\t\t<span style=\"text-decoration: underline;\"><em><a href=\"https:\/\/www.teagasc.ie\/media\/website\/publications\/2018\/2-Moloney-and-Monahan.pdf\" rel=\"noopener\" aria-label=\"Teagasc, UCD\" class=\"enlace\">Teagasc, UCD (2018)<\/a><\/em><\/span>\t\t\t\t\t\t\t\t<\/div>\n\t\t\t\t<\/div>\n\t\t\t\t<\/div>\n\t\t<div class=\"elementor-element elementor-element-5c5faed e-con-full e-flex e-con e-child\" data-id=\"5c5faed\" data-element_type=\"container\">\n\t\t\t\t<div class=\"elementor-element elementor-element-a8b2ed0 animated-slow elementor-invisible elementor-widget elementor-widget-image\" data-id=\"a8b2ed0\" data-element_type=\"widget\" data-settings=\"{&quot;_animation&quot;:&quot;slideInRight&quot;}\" data-widget_type=\"image.default\">\n\t\t\t\t<div class=\"elementor-widget-container\">\n\t\t\t\t\t\t\t\t\t\t\t\t\t\t\t<img loading=\"lazy\" decoding=\"async\" width=\"439\" height=\"505\" src=\"https:\/\/organic-lamb.eu\/wp-content\/uploads\/2025\/05\/ekologisk-kreatursskotsel-irland.webp\" class=\"attachment-full size-full wp-image-4021\" alt=\"Ekologisk kreaturssk\u00f6tsel i Irland med kor som betar p\u00e5 en gr\u00f6n \u00e4ng\" srcset=\"https:\/\/organic-lamb.eu\/wp-content\/uploads\/2025\/05\/ekologisk-kreatursskotsel-irland.webp 439w, https:\/\/organic-lamb.eu\/wp-content\/uploads\/2025\/05\/ekologisk-kreatursskotsel-irland-261x300.webp 261w\" sizes=\"(max-width: 439px) 100vw, 439px\" \/>\t\t\t\t\t\t\t\t\t\t\t\t\t\t\t<\/div>\n\t\t\t\t<\/div>\n\t\t\t\t<div class=\"elementor-element elementor-element-20d848f animated-slow elementor-invisible elementor-widget elementor-widget-image\" data-id=\"20d848f\" data-element_type=\"widget\" data-settings=\"{&quot;_animation&quot;:&quot;slideInUp&quot;}\" data-widget_type=\"image.default\">\n\t\t\t\t<div class=\"elementor-widget-container\">\n\t\t\t\t\t\t\t\t\t\t\t\t\t\t\t<img decoding=\"async\" src=\"https:\/\/organic-lamb.eu\/wp-content\/uploads\/2024\/09\/pasture_6.svg\" class=\"attachment-full size-full wp-image-1146\" alt=\"\" \/>\t\t\t\t\t\t\t\t\t\t\t\t\t\t\t<\/div>\n\t\t\t\t<\/div>\n\t\t<div class=\"elementor-element elementor-element-4073596 e-con-full elementor-hidden-desktop elementor-hidden-tablet e-flex e-con e-child\" data-id=\"4073596\" data-element_type=\"container\">\n\t\t<div class=\"elementor-element elementor-element-8c79af8 e-con-full e-flex e-con e-child\" data-id=\"8c79af8\" data-element_type=\"container\" data-settings=\"{&quot;background_background&quot;:&quot;classic&quot;}\">\n\t\t\t\t<div class=\"elementor-element elementor-element-ea72504 elementor-widget elementor-widget-heading\" data-id=\"ea72504\" data-element_type=\"widget\" data-widget_type=\"heading.default\">\n\t\t\t\t<div class=\"elementor-widget-container\">\n\t\t\t\t\t<h5 class=\"elementor-heading-title elementor-size-default\">N\u00e4ringsm\u00e4ssiga f\u00f6rdelar med k\u00f6tt fr\u00e5n betesuppf\u00f6dning<\/h5>\t\t\t\t<\/div>\n\t\t\t\t<\/div>\n\t\t\t\t<\/div>\n\t\t<div class=\"elementor-element elementor-element-c72f014 e-con-full e-flex e-con e-child\" data-id=\"c72f014\" data-element_type=\"container\" data-settings=\"{&quot;background_background&quot;:&quot;classic&quot;}\">\n\t\t\t\t<div class=\"elementor-element elementor-element-5037cef elementor-widget elementor-widget-text-editor\" data-id=\"5037cef\" data-element_type=\"widget\" data-widget_type=\"text-editor.default\">\n\t\t\t\t<div class=\"elementor-widget-container\">\n\t\t\t\t\t\t\t\t\t<p>L\u00e4gre halt av m\u00e4ttade fetter<\/p>\t\t\t\t\t\t\t\t<\/div>\n\t\t\t\t<\/div>\n\t\t\t\t<div class=\"elementor-element elementor-element-1e80f11 elementor-widget elementor-widget-image\" data-id=\"1e80f11\" data-element_type=\"widget\" data-widget_type=\"image.default\">\n\t\t\t\t<div class=\"elementor-widget-container\">\n\t\t\t\t\t\t\t\t\t\t\t\t\t\t\t<img decoding=\"async\" width=\"1\" height=\"1\" src=\"https:\/\/organic-lamb.eu\/wp-content\/uploads\/2024\/09\/pasture_9.svg\" class=\"attachment-large size-large wp-image-1162\" alt=\"\" \/>\t\t\t\t\t\t\t\t\t\t\t\t\t\t\t<\/div>\n\t\t\t\t<\/div>\n\t\t\t\t<\/div>\n\t\t<div class=\"elementor-element elementor-element-902057b e-con-full e-flex e-con e-child\" data-id=\"902057b\" data-element_type=\"container\" data-settings=\"{&quot;background_background&quot;:&quot;classic&quot;}\">\n\t\t\t\t<div class=\"elementor-element elementor-element-4912a78 elementor-widget elementor-widget-text-editor\" data-id=\"4912a78\" data-element_type=\"widget\" data-widget_type=\"text-editor.default\">\n\t\t\t\t<div class=\"elementor-widget-container\">\n\t\t\t\t\t\t\t\t\t<p>H\u00f6gre halt av omega-3-fettsyror<\/p>\t\t\t\t\t\t\t\t<\/div>\n\t\t\t\t<\/div>\n\t\t\t\t<div class=\"elementor-element elementor-element-7b8aef4 elementor-widget elementor-widget-image\" data-id=\"7b8aef4\" data-element_type=\"widget\" data-widget_type=\"image.default\">\n\t\t\t\t<div class=\"elementor-widget-container\">\n\t\t\t\t\t\t\t\t\t\t\t\t\t\t\t<img decoding=\"async\" width=\"1\" height=\"1\" src=\"https:\/\/organic-lamb.eu\/wp-content\/uploads\/2024\/09\/pasture_4.svg\" class=\"attachment-large size-large wp-image-1136\" alt=\"\" \/>\t\t\t\t\t\t\t\t\t\t\t\t\t\t\t<\/div>\n\t\t\t\t<\/div>\n\t\t\t\t<\/div>\n\t\t<div class=\"elementor-element elementor-element-c5fadfe e-con-full e-flex e-con e-child\" data-id=\"c5fadfe\" data-element_type=\"container\" data-settings=\"{&quot;background_background&quot;:&quot;classic&quot;}\">\n\t\t\t\t<div class=\"elementor-element elementor-element-0b64616 elementor-widget elementor-widget-text-editor\" data-id=\"0b64616\" data-element_type=\"widget\" data-widget_type=\"text-editor.default\">\n\t\t\t\t<div class=\"elementor-widget-container\">\n\t\t\t\t\t\t\t\t\t<p>H\u00f6gre halt av vitamin A och vitamin E<\/p>\t\t\t\t\t\t\t\t<\/div>\n\t\t\t\t<\/div>\n\t\t\t\t<div class=\"elementor-element elementor-element-48e8670 elementor-widget elementor-widget-image\" data-id=\"48e8670\" data-element_type=\"widget\" data-widget_type=\"image.default\">\n\t\t\t\t<div class=\"elementor-widget-container\">\n\t\t\t\t\t\t\t\t\t\t\t\t\t\t\t<img loading=\"lazy\" decoding=\"async\" width=\"1\" height=\"1\" src=\"https:\/\/organic-lamb.eu\/wp-content\/uploads\/2024\/09\/pasture_5.svg\" class=\"attachment-large size-large wp-image-1141\" alt=\"\" \/>\t\t\t\t\t\t\t\t\t\t\t\t\t\t\t<\/div>\n\t\t\t\t<\/div>\n\t\t\t\t<\/div>\n\t\t\t\t<\/div>\n\t\t\t\t<div class=\"elementor-element elementor-element-3c8e30f elementor-hidden-desktop elementor-hidden-tablet elementor-widget elementor-widget-text-editor\" data-id=\"3c8e30f\" data-element_type=\"widget\" data-widget_type=\"text-editor.default\">\n\t\t\t\t<div class=\"elementor-widget-container\">\n\t\t\t\t\t\t\t\t\t<em><a href=\"https:\/\/www.teagasc.ie\/media\/website\/publications\/2018\/2-Moloney-and-Monahan.pdf\" target=\"_blank\" rel=\"noopener\">Teagasc, UCD (2018)<\/a><\/em>\t\t\t\t\t\t\t\t<\/div>\n\t\t\t\t<\/div>\n\t\t\t\t<\/div>\n\t\t\t\t\t<\/div>\n\t\t\t\t<\/div>\n\t\t<div class=\"elementor-element elementor-element-a983891 e-flex e-con-boxed e-con e-parent\" data-id=\"a983891\" data-element_type=\"container\">\n\t\t\t\t\t<div class=\"e-con-inner\">\n\t\t<div class=\"elementor-element elementor-element-b63e1c8 e-con-full e-flex e-con e-child\" data-id=\"b63e1c8\" data-element_type=\"container\">\n\t\t\t\t<div class=\"elementor-element elementor-element-af473b6 elementor-widget elementor-widget-heading\" data-id=\"af473b6\" data-element_type=\"widget\" data-widget_type=\"heading.default\">\n\t\t\t\t<div class=\"elementor-widget-container\">\n\t\t\t\t\t<h2 class=\"elementor-heading-title elementor-size-default\">L\u00e4s mer om:<\/h2>\t\t\t\t<\/div>\n\t\t\t\t<\/div>\n\t\t\t\t<\/div>\n\t\t<div class=\"elementor-element elementor-element-641e490 e-con-full e-flex e-con e-child\" data-id=\"641e490\" data-element_type=\"container\">\n\t\t<div class=\"elementor-element elementor-element-afe062e e-con-full e-flex e-con e-child\" data-id=\"afe062e\" data-element_type=\"container\">\n\t\t<div class=\"elementor-element elementor-element-e67f305 e-con-full e-flex e-con e-child\" data-id=\"e67f305\" data-element_type=\"container\" data-settings=\"{&quot;background_background&quot;:&quot;classic&quot;}\">\n\t\t\t\t<\/div>\n\t\t<div class=\"elementor-element elementor-element-090f608 e-con-full e-flex e-con e-child\" data-id=\"090f608\" data-element_type=\"container\" data-settings=\"{&quot;background_background&quot;:&quot;classic&quot;}\">\n\t\t\t\t<div class=\"elementor-element elementor-element-0e09fbc elementor-widget elementor-widget-heading\" data-id=\"0e09fbc\" data-element_type=\"widget\" data-widget_type=\"heading.default\">\n\t\t\t\t<div class=\"elementor-widget-container\">\n\t\t\t\t\t<p class=\"elementor-heading-title elementor-size-default\">Sp\u00e5rbarhet<\/p>\t\t\t\t<\/div>\n\t\t\t\t<\/div>\n\t\t\t\t<div class=\"elementor-element elementor-element-8a279d1 elementor-align-center elementor-widget elementor-widget-button\" data-id=\"8a279d1\" data-element_type=\"widget\" data-widget_type=\"button.default\">\n\t\t\t\t<div class=\"elementor-widget-container\">\n\t\t\t\t\t\t\t\t\t<div class=\"elementor-button-wrapper\">\n\t\t\t\t\t<a class=\"elementor-button elementor-button-link elementor-size-sm\" href=\"https:\/\/organic-lamb.eu\/sv\/irland\/sparbarhet\/\" aria-label=\"Utforska Sp\u00e5rbarhet\">\n\t\t\t\t\t\t<span class=\"elementor-button-content-wrapper\">\n\t\t\t\t\t\t\t\t\t<span class=\"elementor-button-text\">Utforska <span class=\"visually-hidden\">Sp\u00e5rbarhet<\/span><\/span>\n\t\t\t\t\t<\/span>\n\t\t\t\t\t<\/a>\n\t\t\t\t<\/div>\n\t\t\t\t\t\t\t\t<\/div>\n\t\t\t\t<\/div>\n\t\t\t\t<\/div>\n\t\t\t\t<\/div>\n\t\t<div class=\"elementor-element elementor-element-3bb4357 e-con-full e-flex e-con e-child\" data-id=\"3bb4357\" data-element_type=\"container\">\n\t\t<div class=\"elementor-element elementor-element-de9f4ad e-con-full e-flex e-con e-child\" data-id=\"de9f4ad\" data-element_type=\"container\" data-settings=\"{&quot;background_background&quot;:&quot;classic&quot;}\">\n\t\t\t\t<\/div>\n\t\t<div class=\"elementor-element elementor-element-5ffe0f7 e-con-full e-flex e-con e-child\" data-id=\"5ffe0f7\" data-element_type=\"container\" data-settings=\"{&quot;background_background&quot;:&quot;classic&quot;}\">\n\t\t\t\t<div class=\"elementor-element elementor-element-6cfc3fd elementor-widget elementor-widget-heading\" data-id=\"6cfc3fd\" data-element_type=\"widget\" data-widget_type=\"heading.default\">\n\t\t\t\t<div class=\"elementor-widget-container\">\n\t\t\t\t\t<p class=\"elementor-heading-title elementor-size-default\">Irland<\/p>\t\t\t\t<\/div>\n\t\t\t\t<\/div>\n\t\t\t\t<div class=\"elementor-element elementor-element-9339db4 elementor-align-center elementor-widget elementor-widget-button\" data-id=\"9339db4\" data-element_type=\"widget\" data-widget_type=\"button.default\">\n\t\t\t\t<div class=\"elementor-widget-container\">\n\t\t\t\t\t\t\t\t\t<div class=\"elementor-button-wrapper\">\n\t\t\t\t\t<a class=\"elementor-button elementor-button-link elementor-size-sm\" href=\"https:\/\/organic-lamb.eu\/sv\/irland\/\" aria-label=\"Utforska Irland\">\n\t\t\t\t\t\t<span class=\"elementor-button-content-wrapper\">\n\t\t\t\t\t\t\t\t\t<span class=\"elementor-button-text\">Utforska <span class=\"visually-hidden\">Irland<\/span><\/span>\n\t\t\t\t\t<\/span>\n\t\t\t\t\t<\/a>\n\t\t\t\t<\/div>\n\t\t\t\t\t\t\t\t<\/div>\n\t\t\t\t<\/div>\n\t\t\t\t<\/div>\n\t\t\t\t<\/div>\n\t\t\t\t<\/div>\n\t\t\t\t\t<\/div>\n\t\t\t\t<\/div>\n\t\t\t\t<\/div>\n\t\t","protected":false},"excerpt":{"rendered":"<p>Ekologiskt n\u00f6tk\u00f6tt och lamm fr\u00e5n betesuppf\u00f6dning Irland har Europas l\u00e4ngsta gr\u00e4ss\u00e4song tack vare det tempererade klimatet, rikliga regn och b\u00f6rdiga jordar. Dessa f\u00f6rh\u00e5llanden ger optimala grundf\u00f6ruts\u00e4ttningar f\u00f6r ett l\u00e5ginsatssystem baserat p\u00e5 betesmark inom den europeiska ekologiska jordbruksproduktionen. Med 80 % av jordbruksmarken avsatt till betesmarker kan n\u00f6tkreatur och f\u00e5r vara utomhus i naturen under st\u00f6rre [&hellip;]<\/p>\n","protected":false},"author":1,"featured_media":1172,"parent":2086,"menu_order":0,"comment_status":"closed","ping_status":"closed","template":"","meta":{"footnotes":""},"class_list":["post-2094","page","type-page","status-publish","has-post-thumbnail","hentry"],"_links":{"self":[{"href":"https:\/\/organic-lamb.eu\/sv\/wp-json\/wp\/v2\/pages\/2094","targetHints":{"allow":["GET"]}}],"collection":[{"href":"https:\/\/organic-lamb.eu\/sv\/wp-json\/wp\/v2\/pages"}],"about":[{"href":"https:\/\/organic-lamb.eu\/sv\/wp-json\/wp\/v2\/types\/page"}],"author":[{"embeddable":true,"href":"https:\/\/organic-lamb.eu\/sv\/wp-json\/wp\/v2\/users\/1"}],"replies":[{"embeddable":true,"href":"https:\/\/organic-lamb.eu\/sv\/wp-json\/wp\/v2\/comments?post=2094"}],"version-history":[{"count":40,"href":"https:\/\/organic-lamb.eu\/sv\/wp-json\/wp\/v2\/pages\/2094\/revisions"}],"predecessor-version":[{"id":4576,"href":"https:\/\/organic-lamb.eu\/sv\/wp-json\/wp\/v2\/pages\/2094\/revisions\/4576"}],"up":[{"embeddable":true,"href":"https:\/\/organic-lamb.eu\/sv\/wp-json\/wp\/v2\/pages\/2086"}],"wp:featuredmedia":[{"embeddable":true,"href":"https:\/\/organic-lamb.eu\/sv\/wp-json\/wp\/v2\/media\/1172"}],"wp:attachment":[{"href":"https:\/\/organic-lamb.eu\/sv\/wp-json\/wp\/v2\/media?parent=2094"}],"curies":[{"name":"wp","href":"https:\/\/api.w.org\/{rel}","templated":true}]}}