{"id":2102,"date":"2024-09-08T16:39:33","date_gmt":"2024-09-08T16:39:33","guid":{"rendered":"https:\/\/organic-lamb.eu\/publications\/"},"modified":"2025-07-22T12:35:28","modified_gmt":"2025-07-22T12:35:28","slug":"publikationer","status":"publish","type":"page","link":"https:\/\/organic-lamb.eu\/sv\/publikationer\/","title":{"rendered":"Publikationer"},"content":{"rendered":"\t\t<div data-elementor-type=\"wp-page\" data-elementor-id=\"2102\" class=\"elementor elementor-2102 elementor-74\" data-elementor-post-type=\"page\">\n\t\t\t\t<div class=\"elementor-element elementor-element-9801ce9 e-flex e-con-boxed e-con e-parent\" data-id=\"9801ce9\" data-element_type=\"container\" data-settings=\"{&quot;background_background&quot;:&quot;classic&quot;}\">\n\t\t\t\t\t<div class=\"e-con-inner\">\n\t\t\t\t<div class=\"elementor-element elementor-element-158de74 elementor-widget elementor-widget-heading\" data-id=\"158de74\" data-element_type=\"widget\" data-widget_type=\"heading.default\">\n\t\t\t\t<div class=\"elementor-widget-container\">\n\t\t\t\t\t<h1 class=\"elementor-heading-title elementor-size-default\">Publikationer<\/h1>\t\t\t\t<\/div>\n\t\t\t\t<\/div>\n\t\t\t\t<div class=\"elementor-element elementor-element-2d32074 elementor-widget elementor-widget-image\" data-id=\"2d32074\" data-element_type=\"widget\" data-widget_type=\"image.default\">\n\t\t\t\t<div class=\"elementor-widget-container\">\n\t\t\t\t\t\t\t\t\t\t\t\t\t\t\t<img decoding=\"async\" width=\"146\" height=\"197\" src=\"https:\/\/organic-lamb.eu\/wp-content\/uploads\/2024\/09\/logo-Enjoy.svg\" class=\"attachment-full size-full wp-image-125\" alt=\"Enjoy It&#039;s from Europe\" \/>\t\t\t\t\t\t\t\t\t\t\t\t\t\t\t<\/div>\n\t\t\t\t<\/div>\n\t\t\t\t\t<\/div>\n\t\t\t\t<\/div>\n\t\t<div class=\"elementor-element elementor-element-2eb39a0 elementor-hidden-desktop elementor-hidden-tablet elementor-hidden-mobile e-flex e-con-boxed e-con e-parent\" data-id=\"2eb39a0\" data-element_type=\"container\" id=\"videos\">\n\t\t\t\t\t<div class=\"e-con-inner\">\n\t\t\t\t<div class=\"elementor-element elementor-element-13662bd elementor-widget elementor-widget-video\" data-id=\"13662bd\" data-element_type=\"widget\" data-settings=\"{&quot;video_type&quot;:&quot;hosted&quot;,&quot;mute&quot;:&quot;yes&quot;,&quot;controls&quot;:&quot;yes&quot;}\" data-widget_type=\"video.default\">\n\t\t\t\t<div class=\"elementor-widget-container\">\n\t\t\t\t\t\t\t<div class=\"e-hosted-video elementor-wrapper elementor-open-inline\">\n\t\t\t\t\t<video class=\"elementor-video\" src=\"https:\/\/organic-lamb.eu\/wp-content\/uploads\/2024\/09\/cow-and-baby-cow-resting-on-a-meadow-in-ireland-2023-11-27-05-31-44-utc.mov\" controls=\"\" preload=\"metadata\" muted=\"muted\" controlsList=\"nodownload\"><\/video>\n\t\t\t\t<\/div>\n\t\t\t\t\t\t<\/div>\n\t\t\t\t<\/div>\n\t\t\t\t\t<\/div>\n\t\t\t\t<\/div>\n\t\t<div class=\"elementor-element elementor-element-810cbce e-flex e-con-boxed e-con e-parent\" data-id=\"810cbce\" data-element_type=\"container\" id=\"gallery\">\n\t\t\t\t\t<div class=\"e-con-inner\">\n\t\t\t\t<div class=\"elementor-element elementor-element-f34dd75 elementor-widget elementor-widget-heading\" data-id=\"f34dd75\" data-element_type=\"widget\" data-widget_type=\"heading.default\">\n\t\t\t\t<div class=\"elementor-widget-container\">\n\t\t\t\t\t<h2 class=\"elementor-heading-title elementor-size-default\">Video<\/h2>\t\t\t\t<\/div>\n\t\t\t\t<\/div>\n\t\t\t\t<div class=\"elementor-element elementor-element-0f08438 elementor-widget elementor-widget-html\" data-id=\"0f08438\" data-element_type=\"widget\" data-widget_type=\"html.default\">\n\t\t\t\t<div class=\"elementor-widget-container\">\n\t\t\t\t\t<iframe src=\"https:\/\/drive.google.com\/file\/d\/19GwLo_3BeSkVNpFnjniQQFe7r_LkEC2U\/preview\" \r\n        width=\"80%\" height=\"560\" allow=\"autoplay\" frameborder=\"0\" allowfullscreen>\r\n<\/iframe>\t\t\t\t<\/div>\n\t\t\t\t<\/div>\n\t\t\t\t\t<\/div>\n\t\t\t\t<\/div>\n\t\t<div class=\"elementor-element elementor-element-39c8c6a e-flex e-con-boxed e-con e-parent\" data-id=\"39c8c6a\" data-element_type=\"container\">\n\t\t\t\t\t<div class=\"e-con-inner\">\n\t\t\t\t<div class=\"elementor-element elementor-element-e0a45e7 elementor-widget elementor-widget-heading\" data-id=\"e0a45e7\" data-element_type=\"widget\" data-widget_type=\"heading.default\">\n\t\t\t\t<div class=\"elementor-widget-container\">\n\t\t\t\t\t<h2 class=\"elementor-heading-title elementor-size-default\">Galleri<\/h2>\t\t\t\t<\/div>\n\t\t\t\t<\/div>\n\t\t\t\t\t<\/div>\n\t\t\t\t<\/div>\n\t\t<div class=\"elementor-element elementor-element-acec03e e-flex e-con-boxed e-con e-parent\" data-id=\"acec03e\" data-element_type=\"container\">\n\t\t\t\t\t<div class=\"e-con-inner\">\n\t\t\t\t<div class=\"elementor-element elementor-element-63dfa53 elementor-widget elementor-widget-shortcode\" data-id=\"63dfa53\" data-element_type=\"widget\" data-widget_type=\"shortcode.default\">\n\t\t\t\t<div class=\"elementor-widget-container\">\n\t\t\t\t\t\t\t<div class=\"elementor-shortcode\">        <section id=\"miGaleria\" class=\"gallery\" aria-roledescription=\"carousel\" aria-label=\"Bilder Galleri\">\n          <div class=\"gallery-inner\">\n            <div class=\"controls\">\n              <button type=\"button\" class=\"rotation pause\" aria-label=\"Stoppa automatisk visning\">\n                <svg width=\"42\" height=\"34\" version=\"1.1\" xmlns=\"http:\/\/www.w3.org\/2000\/svg\">\n                  <rect class=\"background\" x=\"2\" y=\"2\" rx=\"5\" ry=\"5\" width=\"38\" height=\"24\"><\/rect>\n                  <rect class=\"border\" x=\"4\" y=\"4\" rx=\"5\" ry=\"5\" width=\"34\" height=\"20\"><\/rect>\n                  <polygon class=\"pause\" points=\"17 8 17 20\"><\/polygon>\n                  <polygon class=\"pause\" points=\"24 8 24 20\"><\/polygon>\n                  <polygon class=\"play\" points=\"15 8 15 20 27 14\"><\/polygon>\n                <\/svg>\n              <\/button>\n\n              <button type=\"button\" class=\"previous\" aria-controls=\"miGaleria-items\" aria-label=\"F\u00f6reg\u00e5ende bild\">\n                  <svg aria-hidden=\"true\" class=\"e-font-icon-svg e-fas-long-arrow-alt-left\" viewBox=\"0 0 448 512\" xmlns=\"http:\/\/www.w3.org\/2000\/svg\">\n                      <path d=\"M134.059 296H436c6.627 0 12-5.373 12-12v-56c0-6.627-5.373-12-12-12H134.059v-46.059c0-21.382-25.851-32.09-40.971-16.971L7.029 239.029c-9.373 9.373-9.373 24.569 0 33.941l86.059 86.059c15.119 15.119 40.971 4.411 40.971-16.971V296z\"><\/path><\/svg>\n              <\/button>\n\n              <button type=\"button\" class=\"next\" aria-controls=\"miGaleria-items\" aria-label=\"N\u00e4sta bild\">\n                <svg aria-hidden=\"true\" class=\"e-font-icon-svg e-fas-long-arrow-alt-right\" viewBox=\"0 0 448 512\" xmlns=\"http:\/\/www.w3.org\/2000\/svg\"><path d=\"M313.941 216H12c-6.627 0-12 5.373-12 12v56c0 6.627 5.373 12 12 12h301.941v46.059c0 21.382 25.851 32.09 40.971 16.971l86.059-86.059c9.373-9.373 9.373-24.569 0-33.941l-86.059-86.059c-15.119-15.119-40.971-4.411-40.971 16.971V216z\"><\/path><\/svg>\n              <\/button>\n            <\/div>\n\n            <div id=\"miGaleria-items\" class=\"gallery-items\" aria-live=\"off\">\n              <div class=\"gallery-track\">\n                \n          <div class=\"gallery-item active\" role=\"group\" aria-roledescription=\"slide\" aria-label=\"Imagen 1 de 2\">\n          <div class=\"gallery-image\" tabindex=\"0\" role=\"img\" aria-label=\"Lantbrukare g\u00e5r p\u00e5 gr\u00f6n betesmark med lamm i Irland\">\n              <img decoding=\"async\" src=\"https:\/\/organic-lamb.eu\/wp-content\/uploads\/2025\/05\/female-farmer-organic-lambs-ireland.webp\" \n                   alt=\"Lantbrukare g\u00e5r p\u00e5 gr\u00f6n betesmark med lamm i Irland\" \n                   title=\"Lantbrukare g\u00e5r p\u00e5 gr\u00f6n betesmark med lamm i Irland\">\n          <\/div>\n        <\/div>\n        \n          <div class=\"gallery-item active\" role=\"group\" aria-roledescription=\"slide\" aria-label=\"Imagen 2 de 2\">\n          <div class=\"gallery-image\" tabindex=\"0\" role=\"img\" aria-label=\"Grupp av lamm som betar och g\u00e5r p\u00e5 ett gr\u00f6nt f\u00e4lt p\u00e5 Irland\">\n              <img decoding=\"async\" src=\"https:\/\/organic-lamb.eu\/wp-content\/uploads\/2025\/05\/organic-lambs-grazing-ireland.webp\" \n                   alt=\"Grupp av lamm som betar och g\u00e5r p\u00e5 ett gr\u00f6nt f\u00e4lt p\u00e5 Irland\" \n                   title=\"Grupp av lamm som betar och g\u00e5r p\u00e5 ett gr\u00f6nt f\u00e4lt p\u00e5 Irland\">\n          <\/div>\n        <\/div>\n        \n\n              <\/div>\n            <\/div>\n          <\/div>\n        <\/section>\n        \n<\/div>\n\t\t\t\t\t\t<\/div>\n\t\t\t\t<\/div>\n\t\t\t\t\t<\/div>\n\t\t\t\t<\/div>\n\t\t<div class=\"elementor-element elementor-element-c89f9d2 elementor-hidden-desktop elementor-hidden-tablet elementor-hidden-mobile e-flex e-con-boxed e-con e-parent\" data-id=\"c89f9d2\" data-element_type=\"container\" id=\"press\">\n\t\t\t\t\t<div class=\"e-con-inner\">\n\t\t<div class=\"elementor-element elementor-element-971ffa4 e-con-full e-flex e-con e-child\" data-id=\"971ffa4\" data-element_type=\"container\">\n\t\t\t\t<div class=\"elementor-element elementor-element-3833ea8 elementor-widget elementor-widget-heading\" data-id=\"3833ea8\" data-element_type=\"widget\" data-widget_type=\"heading.default\">\n\t\t\t\t<div class=\"elementor-widget-container\">\n\t\t\t\t\t<h2 class=\"elementor-heading-title elementor-size-default\">Find out the latest news\nabout EU Organic Beef\n&amp; Lamb<\/h2>\t\t\t\t<\/div>\n\t\t\t\t<\/div>\n\t\t\t\t<div class=\"elementor-element elementor-element-b469879 elementor-widget elementor-widget-text-editor\" data-id=\"b469879\" data-element_type=\"widget\" data-widget_type=\"text-editor.default\">\n\t\t\t\t<div class=\"elementor-widget-container\">\n\t\t\t\t\t\t\t\t\t<p>Lorem ipsum dolor sit amet, consectetur adipiscing elit. Phasellus placerat euismod accumsan. Nulla semper dui ac eros egestas gravida. Quisque egestas lobortis elit. Cras pharetra augue ac malesuada rutrum. Class aptent taciti sociosqu ad litora torquent per conubia nostra, per inceptos himenaeos. Sed feugiat ligula eleifend laoreet viverra. Aenean velit dui.<\/p>\t\t\t\t\t\t\t\t<\/div>\n\t\t\t\t<\/div>\n\t\t\t\t<div class=\"elementor-element elementor-element-071dbde elementor-widget elementor-widget-heading\" data-id=\"071dbde\" data-element_type=\"widget\" data-widget_type=\"heading.default\">\n\t\t\t\t<div class=\"elementor-widget-container\">\n\t\t\t\t\t<h4 class=\"elementor-heading-title elementor-size-default\">Download the document for<br> more information!<\/h4>\t\t\t\t<\/div>\n\t\t\t\t<\/div>\n\t\t\t\t<div class=\"elementor-element elementor-element-18682f0 elementor-align-left elementor-mobile-align-center elementor-widget elementor-widget-button\" data-id=\"18682f0\" data-element_type=\"widget\" data-widget_type=\"button.default\">\n\t\t\t\t<div class=\"elementor-widget-container\">\n\t\t\t\t\t\t\t\t\t<div class=\"elementor-button-wrapper\">\n\t\t\t\t\t<a class=\"elementor-button elementor-button-link elementor-size-sm\" href=\"#\">\n\t\t\t\t\t\t<span class=\"elementor-button-content-wrapper\">\n\t\t\t\t\t\t\t\t\t<span class=\"elementor-button-text\">DOWNLOAD PRESSKIT<\/span>\n\t\t\t\t\t<\/span>\n\t\t\t\t\t<\/a>\n\t\t\t\t<\/div>\n\t\t\t\t\t\t\t\t<\/div>\n\t\t\t\t<\/div>\n\t\t\t\t<\/div>\n\t\t<div class=\"elementor-element elementor-element-5041601 e-con-full e-flex e-con e-child\" data-id=\"5041601\" data-element_type=\"container\">\n\t\t\t\t<div class=\"elementor-element elementor-element-602f304 elementor-widget elementor-widget-image\" data-id=\"602f304\" data-element_type=\"widget\" data-widget_type=\"image.default\">\n\t\t\t\t<div class=\"elementor-widget-container\">\n\t\t\t\t\t\t\t\t\t\t\t\t\t\t\t<img fetchpriority=\"high\" decoding=\"async\" width=\"800\" height=\"851\" src=\"https:\/\/organic-lamb.eu\/wp-content\/uploads\/2024\/09\/publications_3-963x1024.jpg\" class=\"attachment-large size-large wp-image-1385\" alt=\"\" srcset=\"https:\/\/organic-lamb.eu\/wp-content\/uploads\/2024\/09\/publications_3-963x1024.jpg 963w, https:\/\/organic-lamb.eu\/wp-content\/uploads\/2024\/09\/publications_3-282x300.jpg 282w, https:\/\/organic-lamb.eu\/wp-content\/uploads\/2024\/09\/publications_3-768x816.jpg 768w, https:\/\/organic-lamb.eu\/wp-content\/uploads\/2024\/09\/publications_3-1445x1536.jpg 1445w, https:\/\/organic-lamb.eu\/wp-content\/uploads\/2024\/09\/publications_3.jpg 1620w\" sizes=\"(max-width: 800px) 100vw, 800px\" \/>\t\t\t\t\t\t\t\t\t\t\t\t\t\t\t<\/div>\n\t\t\t\t<\/div>\n\t\t\t\t<\/div>\n\t\t\t\t\t<\/div>\n\t\t\t\t<\/div>\n\t\t\t\t<\/div>\n\t\t","protected":false},"excerpt":{"rendered":"<p>Publikationer https:\/\/organic-lamb.eu\/wp-content\/uploads\/2024\/09\/cow-and-baby-cow-resting-on-a-meadow-in-ireland-2023-11-27-05-31-44-utc.mov Video Galleri Find out the latest news about EU Organic Beef &#038; Lamb Lorem ipsum dolor sit amet, consectetur adipiscing elit. Phasellus placerat euismod accumsan. Nulla semper dui ac eros egestas gravida. Quisque egestas lobortis elit. Cras pharetra augue ac malesuada rutrum. Class aptent taciti sociosqu ad litora torquent per conubia nostra, per [&hellip;]<\/p>\n","protected":false},"author":1,"featured_media":0,"parent":0,"menu_order":0,"comment_status":"closed","ping_status":"closed","template":"","meta":{"footnotes":""},"class_list":["post-2102","page","type-page","status-publish","hentry"],"_links":{"self":[{"href":"https:\/\/organic-lamb.eu\/sv\/wp-json\/wp\/v2\/pages\/2102","targetHints":{"allow":["GET"]}}],"collection":[{"href":"https:\/\/organic-lamb.eu\/sv\/wp-json\/wp\/v2\/pages"}],"about":[{"href":"https:\/\/organic-lamb.eu\/sv\/wp-json\/wp\/v2\/types\/page"}],"author":[{"embeddable":true,"href":"https:\/\/organic-lamb.eu\/sv\/wp-json\/wp\/v2\/users\/1"}],"replies":[{"embeddable":true,"href":"https:\/\/organic-lamb.eu\/sv\/wp-json\/wp\/v2\/comments?post=2102"}],"version-history":[{"count":25,"href":"https:\/\/organic-lamb.eu\/sv\/wp-json\/wp\/v2\/pages\/2102\/revisions"}],"predecessor-version":[{"id":4627,"href":"https:\/\/organic-lamb.eu\/sv\/wp-json\/wp\/v2\/pages\/2102\/revisions\/4627"}],"wp:attachment":[{"href":"https:\/\/organic-lamb.eu\/sv\/wp-json\/wp\/v2\/media?parent=2102"}],"curies":[{"name":"wp","href":"https:\/\/api.w.org\/{rel}","templated":true}]}}